{"id":2169,"date":"2025-08-27T14:19:14","date_gmt":"2025-08-27T14:19:14","guid":{"rendered":"https:\/\/sist-edu-dz.com\/?page_id=2169"},"modified":"2025-08-27T14:41:20","modified_gmt":"2025-08-27T14:41:20","slug":"travailler-avec-nous","status":"publish","type":"page","link":"https:\/\/sist-edu-dz.com\/ar\/travailler-avec-nous\/","title":{"rendered":"\u0627\u0644\u0639\u0645\u0644 \u0645\u0639\u0646\u0627"},"content":{"rendered":"<style>.elementor-2169 .elementor-element.elementor-element-d563a84{--display:flex;--padding-top:50px;--padding-bottom:50px;--padding-left:10px;--padding-right:10px;}.elementor-2169 .elementor-element.elementor-element-d563a84:not(.elementor-motion-effects-element-type-background), .elementor-2169 .elementor-element.elementor-element-d563a84 > .elementor-motion-effects-container > .elementor-motion-effects-layer{background-color:var( --e-global-color-accent );}.elementor-2169 .elementor-element.elementor-element-004cc5f{--display:flex;--justify-content:center;--align-items:center;--container-widget-width:calc( ( 1 - var( --container-widget-flex-grow ) ) * 100% );--margin-top:0px;--margin-bottom:0px;--margin-left:0px;--margin-right:0px;--padding-top:0px;--padding-bottom:0px;--padding-left:0px;--padding-right:0px;}.elementor-2169 .elementor-element.elementor-element-004cc5f.e-con{--flex-grow:0;--flex-shrink:0;}.elementor-2169 .elementor-element.elementor-element-26f37f9{--display:flex;}.elementor-2169 .elementor-element.elementor-element-fac135a{margin:5px 5px calc(var(--kit-widget-spacing, 0px) + 5px) 5px;}.elementor-2169 .elementor-element.elementor-element-fac135a.elementor-element{--align-self:center;}.elementor-2169 .elementor-element.elementor-element-fac135a .elementor-heading-title{font-family:\"Poppins\", Sans-serif;font-size:30px;font-weight:600;text-transform:capitalize;line-height:58px;letter-spacing:2.4px;text-shadow:5px 3px 9px rgba(15.366521739130441, 50.81075047258982, 214.2, 0.27);color:var( --e-global-color-primary );}.elementor-2169 .elementor-element.elementor-element-6aad952{width:100%;max-width:100%;margin:0px 0px calc(var(--kit-widget-spacing, 0px) + 0px) 0px;padding:0px 0px 0px 0px;text-align:center;font-family:\"Montserrat\", Sans-serif;line-height:33px;letter-spacing:0.7px;color:var( --e-global-color-text );}.elementor-2169 .elementor-element.elementor-element-6aad952.elementor-element{--align-self:center;}.elementor-2169 .elementor-element.elementor-element-837f5c2{--display:flex;--padding-top:20px;--padding-bottom:20px;--padding-left:20px;--padding-right:20px;}.elementor-2169 .elementor-element.elementor-element-7293893{padding:50px 20px 50px 20px;border-style:solid;border-width:1px 1px 1px 1px;border-color:var( --e-global-color-primary );border-radius:19px 19px 19px 19px;}:root{--page-title-display:none;}@media(max-width:1366px){.elementor-2169 .elementor-element.elementor-element-004cc5f{--justify-content:center;--align-items:center;--container-widget-width:calc( ( 1 - var( --container-widget-flex-grow ) ) * 100% );--margin-top:0px;--margin-bottom:0px;--margin-left:0px;--margin-right:0px;--padding-top:0px;--padding-bottom:0px;--padding-left:0px;--padding-right:0px;}.elementor-2169 .elementor-element.elementor-element-004cc5f.e-con{--align-self:center;}.elementor-2169 .elementor-element.elementor-element-fac135a{text-align:center;}.elementor-2169 .elementor-element.elementor-element-fac135a .elementor-heading-title{font-size:25px;}.elementor-2169 .elementor-element.elementor-element-6aad952{text-align:center;}.elementor-2169 .elementor-element.elementor-element-837f5c2{--padding-top:10px;--padding-bottom:10px;--padding-left:10px;--padding-right:10px;}.elementor-2169 .elementor-element.elementor-element-7293893{padding:20px 20px 20px 20px;}}@media(max-width:1024px){.elementor-2169 .elementor-element.elementor-element-d563a84{--padding-top:10px;--padding-bottom:10px;--padding-left:10px;--padding-right:10px;}.elementor-2169 .elementor-element.elementor-element-fac135a{text-align:center;}.elementor-2169 .elementor-element.elementor-element-fac135a .elementor-heading-title{font-size:40px;}.elementor-2169 .elementor-element.elementor-element-6aad952{text-align:center;}.elementor-2169 .elementor-element.elementor-element-837f5c2{--padding-top:20px;--padding-bottom:20px;--padding-left:20px;--padding-right:20px;}.elementor-2169 .elementor-element.elementor-element-7293893{padding:25px 25px 25px 25px;border-width:1px 1px 1px 1px;border-radius:19px 19px 19px 19px;}}@media(max-width:767px){.elementor-2169 .elementor-element.elementor-element-d563a84{--margin-top:0px;--margin-bottom:0px;--margin-left:0px;--margin-right:0px;--padding-top:0px;--padding-bottom:0px;--padding-left:0px;--padding-right:0px;}.elementor-2169 .elementor-element.elementor-element-004cc5f{--margin-top:0px;--margin-bottom:0px;--margin-left:0px;--margin-right:0px;}.elementor-2169 .elementor-element.elementor-element-fac135a{margin:0px 0px calc(var(--kit-widget-spacing, 0px) + 0px) 0px;text-align:center;}.elementor-2169 .elementor-element.elementor-element-fac135a .elementor-heading-title{font-size:16px;line-height:1.7em;letter-spacing:1.1px;}.elementor-2169 .elementor-element.elementor-element-6aad952{margin:0px 0px calc(var(--kit-widget-spacing, 0px) + 0px) 0px;padding:0px 0px 0px 0px;font-size:13px;letter-spacing:0.9px;}.elementor-2169 .elementor-element.elementor-element-837f5c2{--margin-top:0px;--margin-bottom:0px;--margin-left:0px;--margin-right:0px;--padding-top:5px;--padding-bottom:5px;--padding-left:5px;--padding-right:5px;}.elementor-2169 .elementor-element.elementor-element-7293893{margin:0px 0px calc(var(--kit-widget-spacing, 0px) + 0px) 0px;}}@media(min-width:768px){.elementor-2169 .elementor-element.elementor-element-004cc5f{--width:99.874%;}}<\/style>\t\t<div data-elementor-type=\"wp-page\" data-elementor-id=\"2169\" class=\"elementor elementor-2169\">\n\t\t\t\t<div class=\"elementor-element elementor-element-d563a84 e-con-full e-flex e-con e-parent\" data-id=\"d563a84\" data-element_type=\"container\" data-settings=\"{&quot;background_background&quot;:&quot;classic&quot;}\">\n\t\t<div class=\"elementor-element elementor-element-004cc5f e-con-full e-flex e-con e-child\" data-id=\"004cc5f\" data-element_type=\"container\" data-settings=\"{&quot;background_background&quot;:&quot;classic&quot;}\">\n\t\t<div class=\"elementor-element elementor-element-26f37f9 e-con-full e-flex e-con e-child\" data-id=\"26f37f9\" data-element_type=\"container\">\n\t\t\t\t<div class=\"elementor-element elementor-element-fac135a elementor-widget elementor-widget-heading\" data-id=\"fac135a\" data-element_type=\"widget\" data-widget_type=\"heading.default\">\n\t\t\t\t\t<h2 class=\"elementor-heading-title elementor-size-default\">Vous \u00eates professeur ? Rejoignez notre \u00e9quipe p\u00e9dagogique !<\/h2>\t\t\t\t<\/div>\n\t\t\t\t<div class=\"elementor-element elementor-element-6aad952 elementor-widget__width-inherit elementor-widget elementor-widget-text-editor\" data-id=\"6aad952\" data-element_type=\"widget\" data-widget_type=\"text-editor.default\">\n\t\t\t\t\t\t\t\t\t<p>Chez <strong>\u0627\u0644\u0645\u0639\u0647\u062f \u0627\u0644\u0639\u0627\u0644\u064a \u0644\u0644\u0639\u0644\u0648\u0645 \u0648\u0627\u0644\u062a\u0643\u0646\u0648\u0644\u0648\u062c\u064a\u0627<\/strong> , nous croyons que la qualit\u00e9 de l\u2019enseignement repose sur la passion, l\u2019expertise et l\u2019engagement de nos enseignants.<br data-start=\"538\" data-end=\"541\" \/>Nous sommes toujours \u00e0 la recherche de <strong data-start=\"580\" data-end=\"617\">professeurs motiv\u00e9s et comp\u00e9tents<\/strong> pour enrichir notre \u00e9quipe et accompagner nos \u00e9tudiants vers la r\u00e9ussite.<\/p>\t\t\t\t\t\t\t\t<\/div>\n\t\t\t\t<\/div>\n\t\t\t\t<\/div>\n\t\t<div class=\"elementor-element elementor-element-837f5c2 e-con-full e-flex e-con e-child\" data-id=\"837f5c2\" data-element_type=\"container\">\n\t\t\t\t<div class=\"elementor-element elementor-element-7293893 elementor-widget elementor-widget-shortcode\" data-id=\"7293893\" data-element_type=\"widget\" data-widget_type=\"shortcode.default\">\n\t\t\t\t\t\t\t<div class=\"elementor-shortcode\"><div class=\"forminator-ui forminator-custom-form forminator-custom-form-1926 forminator-design--flat  forminator_ajax\" data-forminator-render=\"0\" data-form=\"forminator-module-1926\" data-uid=\"69e22bdd33f7c\"><br\/><\/div><form\n\t\t\t\tid=\"forminator-module-1926\"\n\t\t\t\tclass=\"forminator-ui forminator-custom-form forminator-custom-form-1926 forminator-design--flat  forminator_ajax\"\n\t\t\t\tmethod=\"post\"\n\t\t\t\tdata-forminator-render=\"0\"\n\t\t\t\tdata-form-id=\"1926\"\n\t\t\t\t data-color-option=\"theme\" data-design=\"flat\" data-grid=\"open\" style=\"display: none;\"\n\t\t\t\tdata-uid=\"69e22bdd33f7c\" action=\"\"\n\t\t\t><div role=\"alert\" aria-live=\"polite\" class=\"forminator-response-message forminator-error\" aria-hidden=\"true\"><\/div><div class=\"forminator-row\"><div id=\"name-1\" class=\"forminator-field-name forminator-col forminator-col-12\"><div class=\"forminator-field\"><label for=\"forminator-field-name-1_69e22bdd33f7c\" id=\"forminator-field-name-1_69e22bdd33f7c-label\" class=\"forminator-label\">\u0627\u0644\u0627\u0633\u0645 \u0648\u0627\u0644\u0644\u0642\u0628 <span class=\"forminator-required\">*<\/span><\/label><input type=\"text\" name=\"name-1\" value=\"\" placeholder=\"\u0627\u0644\u0627\u0633\u0645 \u0648\u0627\u0644\u0644\u0642\u0628\" id=\"forminator-field-name-1_69e22bdd33f7c\" class=\"forminator-input forminator-name--field\" aria-required=\"true\" autocomplete=\"name\" \/><\/div><\/div><\/div><div class=\"forminator-row\"><div id=\"email-1\" class=\"forminator-field-email forminator-col forminator-col-12\"><div class=\"forminator-field\"><label for=\"forminator-field-email-1_69e22bdd33f7c\" id=\"forminator-field-email-1_69e22bdd33f7c-label\" class=\"forminator-label\">\u0627\u0644\u0628\u0631\u064a\u062f \u0627\u0644\u0625\u0644\u0643\u062a\u0631\u0648\u0646\u064a <span class=\"forminator-required\">*<\/span><\/label><input type=\"email\" name=\"email-1\" value=\"\" placeholder=\"\u0627\u0644\u0628\u0631\u064a\u062f \u0627\u0644\u0625\u0644\u0643\u062a\u0631\u0648\u0646\u064a\" id=\"forminator-field-email-1_69e22bdd33f7c\" class=\"forminator-input forminator-email--field\" data-required=\"1\" aria-required=\"true\" autocomplete=\"email\" \/><\/div><\/div><\/div><div class=\"forminator-row\"><div id=\"phone-1\" class=\"forminator-field-phone forminator-col forminator-col-12\"><div class=\"forminator-field\"><label for=\"forminator-field-phone-1_69e22bdd33f7c\" id=\"forminator-field-phone-1_69e22bdd33f7c-label\" class=\"forminator-label\">\u0631\u0642\u0645 \u0627\u0644\u0647\u0627\u062a\u0641 <span class=\"forminator-required\">*<\/span><\/label><input type=\"text\" name=\"phone-1\" value=\"\" placeholder=\"\u0631\u0642\u0645 \u0627\u0644\u0647\u0627\u062a\u0641\" id=\"forminator-field-phone-1_69e22bdd33f7c\" class=\"forminator-input forminator-field--phone\" data-required=\"1\" aria-required=\"true\" autocomplete=\"off\" \/><\/div><\/div><\/div><div class=\"forminator-row\"><div id=\"textarea-1\" class=\"forminator-field-textarea forminator-col forminator-col-12\"><div class=\"forminator-field\"><label for=\"forminator-field-textarea-1_69e22bdd33f7c\" id=\"forminator-field-textarea-1_69e22bdd33f7c-label\" class=\"forminator-label\">\u0627\u0644\u0645\u0647\u0646\u0629 <span class=\"forminator-required\">*<\/span><\/label><textarea name=\"textarea-1\" placeholder=\"\u0627\u0644\u0645\u0647\u0646\u0629\" id=\"forminator-field-textarea-1_69e22bdd33f7c\" class=\"forminator-textarea\" rows=\"6\" style=\"min-height:140px;\" ><\/textarea><\/div><\/div><\/div><input type=\"hidden\" name=\"referer_url\" value=\"\" \/><div class=\"forminator-row forminator-row-last\"><div class=\"forminator-col\"><div class=\"forminator-field\"><button class=\"forminator-button forminator-button-submit\">\u0625\u0631\u0633\u0627\u0644<\/button><\/div><\/div><\/div><input type=\"hidden\" id=\"forminator_nonce\" name=\"forminator_nonce\" value=\"9f75e4dac3\" \/><input type=\"hidden\" name=\"_wp_http_referer\" value=\"\/ar\/wp-json\/wp\/v2\/pages\/2169\" \/><input type=\"hidden\" name=\"form_id\" value=\"1926\"><input type=\"hidden\" name=\"page_id\" value=\"2169\"><input type=\"hidden\" name=\"form_type\" value=\"default\"><input type=\"hidden\" name=\"current_url\" value=\"https:\/\/sist-edu-dz.com\/ar\/travailler-avec-nous\/\"><input type=\"hidden\" name=\"render_id\" value=\"0\"><input type=\"hidden\" name=\"action\" value=\"forminator_submit_form_custom-forms\"><input type=\"hidden\" name=\"trp-form-language\" value=\"ar\"\/><\/form><\/div>\n\t\t\t\t\t\t<\/div>\n\t\t\t\t<\/div>\n\t\t\t\t<\/div>\n\t\t\t\t<\/div>\n\t\t\n    <div class=\"xs_social_share_widget xs_share_url after_content \t\tmain_content  wslu-style-1 wslu-share-box-shaped wslu-fill-colored wslu-none wslu-share-horizontal wslu-theme-font-no wslu-main_content\">\n\n\t\t\n        <ul>\n\t\t\t        <\/ul>\n    <\/div>","protected":false},"excerpt":{"rendered":"<p>Vous \u00eates professeur ? Rejoignez notre \u00e9quipe p\u00e9dagogique ! Chez SIST , nous croyons que la qualit\u00e9 de l\u2019enseignement repose sur la passion, l\u2019expertise et l\u2019engagement de nos enseignants.Nous sommes toujours \u00e0 la recherche de professeurs motiv\u00e9s et comp\u00e9tents pour enrichir notre \u00e9quipe et accompagner nos \u00e9tudiants vers la r\u00e9ussite.<\/p>","protected":false},"author":1,"featured_media":0,"parent":0,"menu_order":0,"comment_status":"closed","ping_status":"closed","template":"elementor_theme","meta":{"postBodyCss":"","postBodyMargin":[],"postBodyPadding":[],"postBodyBackground":{"backgroundType":"classic","gradient":""},"footnotes":""},"class_list":["post-2169","page","type-page","status-publish","hentry"],"yoast_head":"<!-- This site is optimized with the Yoast SEO plugin v26.4 - https:\/\/yoast.com\/wordpress\/plugins\/seo\/ -->\n<title>TRAVAILLER AVEC NOUS - SIST<\/title>\n<meta name=\"robots\" content=\"index, follow, max-snippet:-1, max-image-preview:large, max-video-preview:-1\" \/>\n<link rel=\"canonical\" href=\"https:\/\/sist-edu-dz.com\/ar\/travailler-avec-nous\/\" \/>\n<meta property=\"og:locale\" content=\"ar_AR\" \/>\n<meta property=\"og:type\" content=\"article\" \/>\n<meta property=\"og:title\" content=\"TRAVAILLER AVEC NOUS - SIST\" \/>\n<meta property=\"og:description\" content=\"Vous \u00eates professeur ? Rejoignez notre \u00e9quipe p\u00e9dagogique ! Chez SIST , nous croyons que la qualit\u00e9 de l\u2019enseignement repose sur la passion, l\u2019expertise et l\u2019engagement de nos enseignants.Nous sommes toujours \u00e0 la recherche de professeurs motiv\u00e9s et comp\u00e9tents pour enrichir notre \u00e9quipe et accompagner nos \u00e9tudiants vers la r\u00e9ussite.\" \/>\n<meta property=\"og:url\" content=\"https:\/\/sist-edu-dz.com\/ar\/travailler-avec-nous\/\" \/>\n<meta property=\"og:site_name\" content=\"SIST\" \/>\n<meta property=\"article:publisher\" content=\"https:\/\/www.facebook.com\/share\/16sovRVusW\/?mibextid=wwXIfr\" \/>\n<meta property=\"article:modified_time\" content=\"2025-08-27T14:41:20+00:00\" \/>\n<meta name=\"twitter:card\" content=\"summary_large_image\" \/>\n<meta name=\"twitter:label1\" content=\"\u0648\u0642\u062a \u0627\u0644\u0642\u0631\u0627\u0621\u0629 \u0627\u0644\u0645\u064f\u0642\u062f\u0651\u0631\" \/>\n\t<meta name=\"twitter:data1\" content=\"\u062f\u0642\u064a\u0642\u0629 \u0648\u0627\u062d\u062f\u0629\" \/>\n<script type=\"application\/ld+json\" class=\"yoast-schema-graph\">{\"@context\":\"https:\/\/schema.org\",\"@graph\":[{\"@type\":\"WebPage\",\"@id\":\"https:\/\/sist-edu-dz.com\/travailler-avec-nous\/\",\"url\":\"https:\/\/sist-edu-dz.com\/travailler-avec-nous\/\",\"name\":\"TRAVAILLER AVEC NOUS - SIST\",\"isPartOf\":{\"@id\":\"https:\/\/sist-edu-dz.com\/#website\"},\"datePublished\":\"2025-08-27T14:19:14+00:00\",\"dateModified\":\"2025-08-27T14:41:20+00:00\",\"breadcrumb\":{\"@id\":\"https:\/\/sist-edu-dz.com\/travailler-avec-nous\/#breadcrumb\"},\"inLanguage\":\"ar\",\"potentialAction\":[{\"@type\":\"ReadAction\",\"target\":[\"https:\/\/sist-edu-dz.com\/travailler-avec-nous\/\"]}]},{\"@type\":\"BreadcrumbList\",\"@id\":\"https:\/\/sist-edu-dz.com\/travailler-avec-nous\/#breadcrumb\",\"itemListElement\":[{\"@type\":\"ListItem\",\"position\":1,\"name\":\"Home\",\"item\":\"https:\/\/sist-edu-dz.com\/\"},{\"@type\":\"ListItem\",\"position\":2,\"name\":\"TRAVAILLER AVEC NOUS\"}]},{\"@type\":\"WebSite\",\"@id\":\"https:\/\/sist-edu-dz.com\/#website\",\"url\":\"https:\/\/sist-edu-dz.com\/\",\"name\":\"SIST\",\"description\":\"Technologie Utile. Intelligence \u00e9thique.\",\"publisher\":{\"@id\":\"https:\/\/sist-edu-dz.com\/#organization\"},\"potentialAction\":[{\"@type\":\"SearchAction\",\"target\":{\"@type\":\"EntryPoint\",\"urlTemplate\":\"https:\/\/sist-edu-dz.com\/?s={search_term_string}\"},\"query-input\":{\"@type\":\"PropertyValueSpecification\",\"valueRequired\":true,\"valueName\":\"search_term_string\"}}],\"inLanguage\":\"ar\"},{\"@type\":\"Organization\",\"@id\":\"https:\/\/sist-edu-dz.com\/#organization\",\"name\":\"SIST\",\"url\":\"https:\/\/sist-edu-dz.com\/\",\"logo\":{\"@type\":\"ImageObject\",\"inLanguage\":\"ar\",\"@id\":\"https:\/\/sist-edu-dz.com\/#\/schema\/logo\/image\/\",\"url\":\"https:\/\/sist-edu-dz.com\/wp-content\/uploads\/2025\/07\/Ajouter-un-titre-e1752836263965.png\",\"contentUrl\":\"https:\/\/sist-edu-dz.com\/wp-content\/uploads\/2025\/07\/Ajouter-un-titre-e1752836263965.png\",\"width\":500,\"height\":205,\"caption\":\"SIST\"},\"image\":{\"@id\":\"https:\/\/sist-edu-dz.com\/#\/schema\/logo\/image\/\"},\"sameAs\":[\"https:\/\/www.facebook.com\/share\/16sovRVusW\/?mibextid=wwXIfr\",\"https:\/\/www.instagram.com\/sist_bba?igsh=MW9ncGwxajN6eDVocw&utm_source=qr\",\"https:\/\/www.tiktok.com\/@sist_bba?_t=ZS-8yxIH2t98mV&_r=1\",\"https:\/\/www.linkedin.com\/company\/sistedudz\/\"]}]}<\/script>\n<!-- \/ Yoast SEO plugin. -->","yoast_head_json":{"title":"TRAVAILLER AVEC NOUS - SIST","robots":{"index":"index","follow":"follow","max-snippet":"max-snippet:-1","max-image-preview":"max-image-preview:large","max-video-preview":"max-video-preview:-1"},"canonical":"https:\/\/sist-edu-dz.com\/ar\/travailler-avec-nous\/","og_locale":"ar_AR","og_type":"article","og_title":"TRAVAILLER AVEC NOUS - SIST","og_description":"Vous \u00eates professeur ? Rejoignez notre \u00e9quipe p\u00e9dagogique ! Chez SIST , nous croyons que la qualit\u00e9 de l\u2019enseignement repose sur la passion, l\u2019expertise et l\u2019engagement de nos enseignants.Nous sommes toujours \u00e0 la recherche de professeurs motiv\u00e9s et comp\u00e9tents pour enrichir notre \u00e9quipe et accompagner nos \u00e9tudiants vers la r\u00e9ussite.","og_url":"https:\/\/sist-edu-dz.com\/ar\/travailler-avec-nous\/","og_site_name":"SIST","article_publisher":"https:\/\/www.facebook.com\/share\/16sovRVusW\/?mibextid=wwXIfr","article_modified_time":"2025-08-27T14:41:20+00:00","twitter_card":"summary_large_image","twitter_misc":{"\u0648\u0642\u062a \u0627\u0644\u0642\u0631\u0627\u0621\u0629 \u0627\u0644\u0645\u064f\u0642\u062f\u0651\u0631":"\u062f\u0642\u064a\u0642\u0629 \u0648\u0627\u062d\u062f\u0629"},"schema":{"@context":"https:\/\/schema.org","@graph":[{"@type":"WebPage","@id":"https:\/\/sist-edu-dz.com\/travailler-avec-nous\/","url":"https:\/\/sist-edu-dz.com\/travailler-avec-nous\/","name":"TRAVAILLER AVEC NOUS - SIST","isPartOf":{"@id":"https:\/\/sist-edu-dz.com\/#website"},"datePublished":"2025-08-27T14:19:14+00:00","dateModified":"2025-08-27T14:41:20+00:00","breadcrumb":{"@id":"https:\/\/sist-edu-dz.com\/travailler-avec-nous\/#breadcrumb"},"inLanguage":"ar","potentialAction":[{"@type":"ReadAction","target":["https:\/\/sist-edu-dz.com\/travailler-avec-nous\/"]}]},{"@type":"BreadcrumbList","@id":"https:\/\/sist-edu-dz.com\/travailler-avec-nous\/#breadcrumb","itemListElement":[{"@type":"ListItem","position":1,"name":"Home","item":"https:\/\/sist-edu-dz.com\/"},{"@type":"ListItem","position":2,"name":"TRAVAILLER AVEC NOUS"}]},{"@type":"WebSite","@id":"https:\/\/sist-edu-dz.com\/#website","url":"https:\/\/sist-edu-dz.com\/","name":"\u0627\u0644\u0645\u0639\u0647\u062f \u0627\u0644\u0639\u0627\u0644\u064a \u0644\u0644\u0639\u0644\u0648\u0645 \u0648\u0627\u0644\u062a\u0643\u0646\u0648\u0644\u0648\u062c\u064a\u0627","description":"\u062a\u0643\u0646\u0648\u0644\u0648\u062c\u064a\u0627 \u0630\u0627\u062a \u0647\u062f\u0641. \u0630\u0643\u0627\u0621 \u0645\u0639 \u0627\u0644\u0623\u062e\u0644\u0627\u0642","publisher":{"@id":"https:\/\/sist-edu-dz.com\/#organization"},"potentialAction":[{"@type":"SearchAction","target":{"@type":"EntryPoint","urlTemplate":"https:\/\/sist-edu-dz.com\/?s={search_term_string}"},"query-input":{"@type":"PropertyValueSpecification","valueRequired":true,"valueName":"search_term_string"}}],"inLanguage":"ar"},{"@type":"Organization","@id":"https:\/\/sist-edu-dz.com\/#organization","name":"\u0627\u0644\u0645\u0639\u0647\u062f \u0627\u0644\u0639\u0627\u0644\u064a \u0644\u0644\u0639\u0644\u0648\u0645 \u0648\u0627\u0644\u062a\u0643\u0646\u0648\u0644\u0648\u062c\u064a\u0627","url":"https:\/\/sist-edu-dz.com\/","logo":{"@type":"ImageObject","inLanguage":"ar","@id":"https:\/\/sist-edu-dz.com\/#\/schema\/logo\/image\/","url":"https:\/\/sist-edu-dz.com\/wp-content\/uploads\/2025\/07\/Ajouter-un-titre-e1752836263965.png","contentUrl":"https:\/\/sist-edu-dz.com\/wp-content\/uploads\/2025\/07\/Ajouter-un-titre-e1752836263965.png","width":500,"height":205,"caption":"SIST"},"image":{"@id":"https:\/\/sist-edu-dz.com\/#\/schema\/logo\/image\/"},"sameAs":["https:\/\/www.facebook.com\/share\/16sovRVusW\/?mibextid=wwXIfr","https:\/\/www.instagram.com\/sist_bba?igsh=MW9ncGwxajN6eDVocw&utm_source=qr","https:\/\/www.tiktok.com\/@sist_bba?_t=ZS-8yxIH2t98mV&_r=1","https:\/\/www.linkedin.com\/company\/sistedudz\/"]}]}},"_links":{"self":[{"href":"https:\/\/sist-edu-dz.com\/ar\/wp-json\/wp\/v2\/pages\/2169","targetHints":{"allow":["GET"]}}],"collection":[{"href":"https:\/\/sist-edu-dz.com\/ar\/wp-json\/wp\/v2\/pages"}],"about":[{"href":"https:\/\/sist-edu-dz.com\/ar\/wp-json\/wp\/v2\/types\/page"}],"author":[{"embeddable":true,"href":"https:\/\/sist-edu-dz.com\/ar\/wp-json\/wp\/v2\/users\/1"}],"replies":[{"embeddable":true,"href":"https:\/\/sist-edu-dz.com\/ar\/wp-json\/wp\/v2\/comments?post=2169"}],"version-history":[{"count":19,"href":"https:\/\/sist-edu-dz.com\/ar\/wp-json\/wp\/v2\/pages\/2169\/revisions"}],"predecessor-version":[{"id":2203,"href":"https:\/\/sist-edu-dz.com\/ar\/wp-json\/wp\/v2\/pages\/2169\/revisions\/2203"}],"wp:attachment":[{"href":"https:\/\/sist-edu-dz.com\/ar\/wp-json\/wp\/v2\/media?parent=2169"}],"curies":[{"name":"wp","href":"https:\/\/api.w.org\/{rel}","templated":true}]}}